{"id":3846,"date":"2024-04-09T08:57:42","date_gmt":"2024-04-09T06:57:42","guid":{"rendered":"https:\/\/uplesdouze.be\/?page_id=3846"},"modified":"2025-07-14T10:07:33","modified_gmt":"2025-07-14T08:07:33","slug":"communaute-de-lantin-2","status":"publish","type":"page","link":"https:\/\/uplesdouze.be\/index.php\/communaute-de-lantin-2\/","title":{"rendered":"Communaut\u00e9 de Lantin"},"content":{"rendered":"\n<div data-wp-interactive=\"core\/file\" class=\"wp-block-file\"><object data-wp-bind--hidden=\"!state.hasPdfPreview\" hidden class=\"wp-block-file__embed\" data=\"https:\/\/uplesdouze.be\/wp-content\/uploads\/2025\/04\/Lantin-1-document-principal-1.pdf\" type=\"application\/pdf\" style=\"width:100%;height:600px\" aria-label=\"Contenu embarqu\u00e9 Lantin - 1 document principal.\"><\/object><a id=\"wp-block-file--media-6f7d3b37-ad73-49c9-b2c8-dedb6ce1fc83\" href=\"https:\/\/uplesdouze.be\/wp-content\/uploads\/2025\/04\/Lantin-1-document-principal-1.pdf\">Lantin &#8211; 1 document principal<\/a><a href=\"https:\/\/uplesdouze.be\/wp-content\/uploads\/2025\/04\/Lantin-1-document-principal-1.pdf\" class=\"wp-block-file__button wp-element-button\" download aria-describedby=\"wp-block-file--media-6f7d3b37-ad73-49c9-b2c8-dedb6ce1fc83\">T\u00e9l\u00e9charger<\/a><\/div>\n\n\n\n<div class=\"wp-block-buttons is-layout-flex wp-block-buttons-is-layout-flex\"><\/div>\n\n\n\n<div class=\"wp-block-buttons is-layout-flex wp-block-buttons-is-layout-flex\"><\/div>\n\n\n\n<div data-wp-interactive=\"core\/file\" class=\"wp-block-file\"><object data-wp-bind--hidden=\"!state.hasPdfPreview\" hidden class=\"wp-block-file__embed\" data=\"https:\/\/uplesdouze.be\/wp-content\/uploads\/2025\/04\/Lantin-2-dalles-funeraires.pdf\" type=\"application\/pdf\" style=\"width:100%;height:600px\" aria-label=\"Contenu embarqu\u00e9 Lantin - 2 dalles fun\u00e9raires.\"><\/object><a id=\"wp-block-file--media-113b2808-91bd-4d3e-a4b0-a735d997ade5\" href=\"https:\/\/uplesdouze.be\/wp-content\/uploads\/2025\/04\/Lantin-2-dalles-funeraires.pdf\">Lantin &#8211; 2 dalles fun\u00e9raires<\/a><a href=\"https:\/\/uplesdouze.be\/wp-content\/uploads\/2025\/04\/Lantin-2-dalles-funeraires.pdf\" class=\"wp-block-file__button wp-element-button\" download aria-describedby=\"wp-block-file--media-113b2808-91bd-4d3e-a4b0-a735d997ade5\">T\u00e9l\u00e9charger<\/a><\/div>\n\n\n\n<div data-wp-interactive=\"core\/file\" class=\"wp-block-file\"><object data-wp-bind--hidden=\"!state.hasPdfPreview\" hidden class=\"wp-block-file__embed\" data=\"https:\/\/uplesdouze.be\/wp-content\/uploads\/2025\/07\/Lantin-3-centre-de-la-nef-images-textes-et-commentaires-1.pdf\" type=\"application\/pdf\" style=\"width:100%;height:600px\" aria-label=\"Contenu embarqu\u00e9 Lantin - 3 centre de la nef - images, textes et commentaires.\"><\/object><a id=\"wp-block-file--media-ed269025-94fe-4651-a7e7-c1e236c25748\" href=\"https:\/\/uplesdouze.be\/wp-content\/uploads\/2025\/07\/Lantin-3-centre-de-la-nef-images-textes-et-commentaires-1.pdf\">Lantin &#8211; 3 centre de la nef &#8211; images, textes et commentaires<\/a><a href=\"https:\/\/uplesdouze.be\/wp-content\/uploads\/2025\/07\/Lantin-3-centre-de-la-nef-images-textes-et-commentaires-1.pdf\" class=\"wp-block-file__button wp-element-button\" download aria-describedby=\"wp-block-file--media-ed269025-94fe-4651-a7e7-c1e236c25748\">T\u00e9l\u00e9charger<\/a><\/div>\n\n\n\n<div data-wp-interactive=\"core\/file\" class=\"wp-block-file\"><object data-wp-bind--hidden=\"!state.hasPdfPreview\" hidden class=\"wp-block-file__embed\" data=\"https:\/\/uplesdouze.be\/wp-content\/uploads\/2025\/07\/Lantin-4-cassettes-de-la-nef-cotes-gauche-et-droit.pdf\" type=\"application\/pdf\" style=\"width:100%;height:600px\" aria-label=\"Contenu embarqu\u00e9 Lantin - 4 cassettes de la nef, c\u00f4t\u00e9s gauche et droit.\"><\/object><a id=\"wp-block-file--media-b17ca4d8-30c0-404a-a2a0-77f061669ed1\" href=\"https:\/\/uplesdouze.be\/wp-content\/uploads\/2025\/07\/Lantin-4-cassettes-de-la-nef-cotes-gauche-et-droit.pdf\">Lantin &#8211; 4 cassettes de la nef, c\u00f4t\u00e9s gauche et droit<\/a><a href=\"https:\/\/uplesdouze.be\/wp-content\/uploads\/2025\/07\/Lantin-4-cassettes-de-la-nef-cotes-gauche-et-droit.pdf\" class=\"wp-block-file__button wp-element-button\" download aria-describedby=\"wp-block-file--media-b17ca4d8-30c0-404a-a2a0-77f061669ed1\">T\u00e9l\u00e9charger<\/a><\/div>\n","protected":false},"excerpt":{"rendered":"","protected":false},"author":1,"featured_media":0,"parent":0,"menu_order":0,"comment_status":"closed","ping_status":"closed","template":"","meta":{"footnotes":""},"class_list":["post-3846","page","type-page","status-publish","czr-hentry"],"_links":{"self":[{"href":"https:\/\/uplesdouze.be\/index.php\/wp-json\/wp\/v2\/pages\/3846","targetHints":{"allow":["GET"]}}],"collection":[{"href":"https:\/\/uplesdouze.be\/index.php\/wp-json\/wp\/v2\/pages"}],"about":[{"href":"https:\/\/uplesdouze.be\/index.php\/wp-json\/wp\/v2\/types\/page"}],"author":[{"embeddable":true,"href":"https:\/\/uplesdouze.be\/index.php\/wp-json\/wp\/v2\/users\/1"}],"replies":[{"embeddable":true,"href":"https:\/\/uplesdouze.be\/index.php\/wp-json\/wp\/v2\/comments?post=3846"}],"version-history":[{"count":12,"href":"https:\/\/uplesdouze.be\/index.php\/wp-json\/wp\/v2\/pages\/3846\/revisions"}],"predecessor-version":[{"id":4519,"href":"https:\/\/uplesdouze.be\/index.php\/wp-json\/wp\/v2\/pages\/3846\/revisions\/4519"}],"wp:attachment":[{"href":"https:\/\/uplesdouze.be\/index.php\/wp-json\/wp\/v2\/media?parent=3846"}],"curies":[{"name":"wp","href":"https:\/\/api.w.org\/{rel}","templated":true}]}}